{"id":32,"date":"2022-09-04T16:42:02","date_gmt":"2022-09-04T16:42:02","guid":{"rendered":"http:\/\/neilheat.sim.tuiasi.ro\/?page_id=32"},"modified":"2022-09-04T16:43:48","modified_gmt":"2022-09-04T16:43:48","slug":"contact","status":"publish","type":"page","link":"http:\/\/neilheat.sim.tuiasi.ro\/en\/contact\/","title":{"rendered":"Contact"},"content":{"rendered":"<p><strong>Dr. Eng. Elena-Ionela CHERECHE\u015e<\/strong><\/p>\n\n\n\n<p class=\" translation-block\">Technical University \u201eGheorghe Asachi\u201d Iasi, Faculty of Materials Science and Engineering, Department of Materials Science<br>\nBd. Prof. Dr. Doc. D. Mangeron 41, Iasi, 700050, Romania, http:\/\/www.tuiasi.ro\nPersonal phone: +40 721 864 566<br>\nE-mail: elena-ionela.chereches@academic.tuiasi.ro, elena_ionela97@yahoo.com<\/p>\n\n\n\n<hr class=\"wp-block-separator has-alpha-channel-opacity\"\/>\n\n\n\n<p><strong>Professor Dr. Habil. Eng.<\/strong> <strong>Alina Adriana MINEA<\/strong><\/p>\n\n\n\n<p class=\" translation-block\">Technical University \u201eGheorghe Asachi\u201d Iasi<br>\nIasi, Bd. D. Mangeron no. 59, postal code 700050<br>\nPersonal phone: +40 723 455 071<br>\nE-mail: alina.minea@yahoo.com, aminea@tuiasi.ro<\/p>","protected":false},"excerpt":{"rendered":"<p>Dr. Eng. Elena-Ionela CHERECHE\u015e Universitatea Tehnic\u0103 \u201eGheorghe Asachi\u201d Ia\u015fi, Facultatea de \u015etiin\u0163a \u015fi Ingineria Materialelor, Departamentul de \u015etiin\u0163a MaterialelorBd. Prof. Dr. Doc. D. Mangeron 41, Iasi, 700050, Romania, http:\/\/www.tuiasi.roTelefon: +40 721 864 566E-mail: elena-ionela.chereches@academic.tuiasi.ro, elena_ionela97@yahoo.com Professor Dr. Habil. Eng. Alina Adriana MINEA Universitatea Tehnic\u0103 \u201eGheorghe Asachi\u201d Ia\u015fiIasi, Bd. D. Mangeron nr. 59, cod po\u015ftal 700050Telefon:&hellip; <a class=\"more-link\" href=\"http:\/\/neilheat.sim.tuiasi.ro\/en\/contact\/\">Continue reading <span class=\"screen-reader-text\">Contact<\/span><\/a><\/p>","protected":false},"author":2,"featured_media":0,"parent":0,"menu_order":0,"comment_status":"closed","ping_status":"closed","template":"","meta":[],"_links":{"self":[{"href":"http:\/\/neilheat.sim.tuiasi.ro\/en\/wp-json\/wp\/v2\/pages\/32"}],"collection":[{"href":"http:\/\/neilheat.sim.tuiasi.ro\/en\/wp-json\/wp\/v2\/pages"}],"about":[{"href":"http:\/\/neilheat.sim.tuiasi.ro\/en\/wp-json\/wp\/v2\/types\/page"}],"author":[{"embeddable":true,"href":"http:\/\/neilheat.sim.tuiasi.ro\/en\/wp-json\/wp\/v2\/users\/2"}],"replies":[{"embeddable":true,"href":"http:\/\/neilheat.sim.tuiasi.ro\/en\/wp-json\/wp\/v2\/comments?post=32"}],"version-history":[{"count":4,"href":"http:\/\/neilheat.sim.tuiasi.ro\/en\/wp-json\/wp\/v2\/pages\/32\/revisions"}],"predecessor-version":[{"id":42,"href":"http:\/\/neilheat.sim.tuiasi.ro\/en\/wp-json\/wp\/v2\/pages\/32\/revisions\/42"}],"wp:attachment":[{"href":"http:\/\/neilheat.sim.tuiasi.ro\/en\/wp-json\/wp\/v2\/media?parent=32"}],"curies":[{"name":"wp","href":"https:\/\/api.w.org\/{rel}","templated":true}]}}