{"id":40,"date":"2022-09-04T16:46:01","date_gmt":"2022-09-04T16:46:01","guid":{"rendered":"http:\/\/neilheat.sim.tuiasi.ro\/?page_id=40"},"modified":"2022-09-04T16:46:01","modified_gmt":"2022-09-04T16:46:01","slug":"echipa","status":"publish","type":"page","link":"http:\/\/neilheat.sim.tuiasi.ro\/en\/echipa\/","title":{"rendered":"Team"},"content":{"rendered":"<p class=\"has-text-align-center\"><strong>Dr. Ing. Elena-Ionela CHERECHE\u015e<\/strong><br><strong>Project Leader<\/strong><\/p>\n\n\n\n<p class=\" translation-block\">Professor Assistant at Technical University \u201eGheorghe Asachi\u201d Iasi, Faculty of Materials Science and Engineering, Department of Materials Science\nField of research: nanomaterials, nanofluids, heat transfer, ionanofluids\nResearcherID: https:\/\/www.researchgate.net\/profile\/Elena-Chereches<\/p>\n\n\n\n<hr class=\"wp-block-separator has-alpha-channel-opacity\"\/>\n\n\n\n<p class=\"has-text-align-center\"><strong>Profesor Dr. Habil. Ing.<\/strong> <strong>Alina Adriana MINEA<\/strong><br><strong>Mentor of the project leader<\/strong><\/p>\n\n\n\n<p class=\" translation-block\">Director of the Doctoral Studies Council (CSUD) at Technical University \u201eGheorghe Asachi\u201d Iasi\nField of research: micro and nanofluidics, nanomaterials, nanofluids, heat transfer, heating equipment, heat storge\nResearcherID:  https:\/\/www.researchgate.net\/profile\/Alina-Adriana-Minea<\/p>","protected":false},"excerpt":{"rendered":"<p>Dr. Ing. Elena-Ionela CHERECHE\u015eDirector de proiect Universitatea Tehnic\u0103 \u201eGheorghe Asachi\u201d Ia\u015fi, Facultatea de \u015etiin\u0163a \u015fi Ingineria Materialelor, Departamentul de \u015etiin\u0163a MaterialelorDomeniu de cercetare: nanomateriale, nanofluide, transfer de c\u0103ldur\u0103, ionanofluideResearcherID: https:\/\/www.researchgate.net\/profile\/Elena-Chereches Profesor Dr. Habil. Ing. Alina Adriana MINEAMentor Director al Consiliului de Studii Doctorale (CSUD) la Universitatea Tehnic\u0103 \u201eGheorghe Asachi\u201d Ia\u015fiDomeniu de cercetare: nanomateriale, nanofluide, transfer&hellip; <a class=\"more-link\" href=\"http:\/\/neilheat.sim.tuiasi.ro\/en\/echipa\/\">Continue reading <span class=\"screen-reader-text\">Team<\/span><\/a><\/p>","protected":false},"author":2,"featured_media":0,"parent":0,"menu_order":0,"comment_status":"closed","ping_status":"closed","template":"","meta":[],"_links":{"self":[{"href":"http:\/\/neilheat.sim.tuiasi.ro\/en\/wp-json\/wp\/v2\/pages\/40"}],"collection":[{"href":"http:\/\/neilheat.sim.tuiasi.ro\/en\/wp-json\/wp\/v2\/pages"}],"about":[{"href":"http:\/\/neilheat.sim.tuiasi.ro\/en\/wp-json\/wp\/v2\/types\/page"}],"author":[{"embeddable":true,"href":"http:\/\/neilheat.sim.tuiasi.ro\/en\/wp-json\/wp\/v2\/users\/2"}],"replies":[{"embeddable":true,"href":"http:\/\/neilheat.sim.tuiasi.ro\/en\/wp-json\/wp\/v2\/comments?post=40"}],"version-history":[{"count":1,"href":"http:\/\/neilheat.sim.tuiasi.ro\/en\/wp-json\/wp\/v2\/pages\/40\/revisions"}],"predecessor-version":[{"id":44,"href":"http:\/\/neilheat.sim.tuiasi.ro\/en\/wp-json\/wp\/v2\/pages\/40\/revisions\/44"}],"wp:attachment":[{"href":"http:\/\/neilheat.sim.tuiasi.ro\/en\/wp-json\/wp\/v2\/media?parent=40"}],"curies":[{"name":"wp","href":"https:\/\/api.w.org\/{rel}","templated":true}]}}