{"id":50,"date":"2022-09-04T16:50:13","date_gmt":"2022-09-04T16:50:13","guid":{"rendered":"http:\/\/neilheat.sim.tuiasi.ro\/?page_id=50"},"modified":"2024-03-20T13:09:54","modified_gmt":"2024-03-20T13:09:54","slug":"rezultate","status":"publish","type":"page","link":"http:\/\/neilheat.sim.tuiasi.ro\/en\/rezultate\/","title":{"rendered":"Results"},"content":{"rendered":"<h4><em>2022<\/em>, <em>Stage 1<\/em> <\/h4>\n\n\n\n<p>Designing more efficient ionanofluids both from an economic and thermal point of view, using nanoparticles with a low impact on the environment. The experimental, coordinated study of the thermophysical and electrical properties of the new created fluids.<\/p>\n\n\n\n<div class=\"wp-block-file\"><object class=\"wp-block-file__embed\" data=\"http:\/\/neilheat.sim.tuiasi.ro\/wp-content\/uploads\/2024\/03\/Etapa-1.pdf\" type=\"application\/pdf\" style=\"width:100%;height:600px\" aria-label=\"PDF embed\"><\/object><\/div>\n\n\n\n<h4><em>2023, Stage 2<\/em> <\/h4>\n\n\n\n<p>The experimental, coordinated study of the thermophysical and electrical properties of the new created fluids. Development of equations for estimating the properties of the new fluids created. Numerical study of the use of ionanofluids in thermal applications.<\/p>\n\n\n\n<div class=\"wp-block-file\"><object class=\"wp-block-file__embed\" data=\"http:\/\/neilheat.sim.tuiasi.ro\/wp-content\/uploads\/2024\/03\/Etapa-2.pdf\" type=\"application\/pdf\" style=\"width:100%;height:600px\" aria-label=\"PDF embed\"><\/object><\/div>\n\n\n\n<h4><em>2024, Stage 3<\/em> <\/h4>\n\n\n\n<p>Interpretation of results, validation and establishment of further research directions.<\/p>\n\n\n\n<div class=\"wp-block-file\"><object class=\"wp-block-file__embed\" data=\"http:\/\/neilheat.sim.tuiasi.ro\/wp-content\/uploads\/2024\/03\/Etapa-3.pdf\" type=\"application\/pdf\" style=\"width:100%;height:600px\" aria-label=\"PDF embed\"><\/object><\/div>","protected":false},"excerpt":{"rendered":"<p>2022, Etapa 1 Conceperea unor ionanofluide mai eficiente at\u00e2t din punct de vedere economic c\u00e2t \u015fi termic, folosind nanoparticule cu impact redus asupra mediului. Studiul experimental, coordonat, al propriet\u0103\u0163ilor termofizice \u015fi electrice ale noilor fluide create. 2023, Etapa 2 Studiul experimental, coordonat, al propriet\u0103\u0163ilor termofizice \u015fi electrice ale noilor fluide create. Dezvoltarea de ecua\u0163ii pentru&hellip; <a class=\"more-link\" href=\"http:\/\/neilheat.sim.tuiasi.ro\/en\/rezultate\/\">Continue reading <span class=\"screen-reader-text\">Results<\/span><\/a><\/p>","protected":false},"author":2,"featured_media":0,"parent":0,"menu_order":0,"comment_status":"closed","ping_status":"closed","template":"","meta":[],"_links":{"self":[{"href":"http:\/\/neilheat.sim.tuiasi.ro\/en\/wp-json\/wp\/v2\/pages\/50"}],"collection":[{"href":"http:\/\/neilheat.sim.tuiasi.ro\/en\/wp-json\/wp\/v2\/pages"}],"about":[{"href":"http:\/\/neilheat.sim.tuiasi.ro\/en\/wp-json\/wp\/v2\/types\/page"}],"author":[{"embeddable":true,"href":"http:\/\/neilheat.sim.tuiasi.ro\/en\/wp-json\/wp\/v2\/users\/2"}],"replies":[{"embeddable":true,"href":"http:\/\/neilheat.sim.tuiasi.ro\/en\/wp-json\/wp\/v2\/comments?post=50"}],"version-history":[{"count":4,"href":"http:\/\/neilheat.sim.tuiasi.ro\/en\/wp-json\/wp\/v2\/pages\/50\/revisions"}],"predecessor-version":[{"id":212,"href":"http:\/\/neilheat.sim.tuiasi.ro\/en\/wp-json\/wp\/v2\/pages\/50\/revisions\/212"}],"wp:attachment":[{"href":"http:\/\/neilheat.sim.tuiasi.ro\/en\/wp-json\/wp\/v2\/media?parent=50"}],"curies":[{"name":"wp","href":"https:\/\/api.w.org\/{rel}","templated":true}]}}